{"id":21133,"date":"2025-09-10T20:59:31","date_gmt":"2025-09-10T20:59:31","guid":{"rendered":"https:\/\/changepartners.lt\/kontaktai\/"},"modified":"2025-09-22T18:40:27","modified_gmt":"2025-09-22T18:40:27","slug":"contacts","status":"publish","type":"page","link":"https:\/\/changepartners.lt\/en\/contacts\/","title":{"rendered":"Contacts"},"content":{"rendered":"<h1><strong>Contacts<\/strong><\/h1>\n<div>\n<div class=\"uk-panel uk-margin\" data-id=\"builderwidget-10#5\" id=\"builderwidget-10#0\">\n<p><strong><br \/><\/strong>Change Partners UAB<\/p>\n<p>Vaidilut\u0117s g. 79, LT-10100 Vilnius, Lithuania<\/p>\n<p>\u012emon\u0117s kodas: 300052509\u00a0<\/p>\n<p>PVM kodas: LT100001342911<\/p>\n<p><a style=\"color: white;\" href=\"tel:+370 652 91915\">+370 652 91915<\/a><\/p>\n<p><a style=\"color: white;\" href=\"mailto:sales@changepartners.lt\">sales@changepartners.lt<\/a><\/p>\n<\/div>\n<\/div>\n<p><!--more--><br \/>\n<!-- {\"type\":\"layout\",\"children\":[{\"type\":\"section\",\"props\":{\"header_transparent\":\"light\",\"header_transparent_noplaceholder\":true,\"image_position\":\"center-center\",\"image_size\":\"cover\",\"media_overlay\":\"rgba(50, 48, 60, 0.84)\",\"padding\":\"xlarge\",\"padding_remove_top\":false,\"style\":\"default\",\"title_breakpoint\":\"xl\",\"title_position\":\"top-left\",\"title_rotation\":\"left\",\"vertical_align\":\"middle\",\"video\":\"wp-content\\\/uploads\\\/2020\\\/07\\\/Pexels1793418.mp4\",\"width\":\"default\"},\"children\":[{\"type\":\"row\",\"children\":[{\"type\":\"column\",\"props\":{\"image_position\":\"center-center\",\"position_sticky_breakpoint\":\"m\",\"width_medium\":\"1-1\"},\"children\":[{\"type\":\"headline\",\"props\":{\"content\":\"<strong>Contacts<\\\/strong>\",\"text_align\":\"center\",\"title_color\":\"emphasis\",\"title_element\":\"h1\",\"title_style\":\"heading-medium\"}}]}]},{\"type\":\"row\",\"props\":{\"layout\":\"1-4,1-2,1-4\",\"margin_remove_top\":true},\"children\":[{\"type\":\"column\",\"props\":{\"image_position\":\"center-center\",\"position_sticky_breakpoint\":\"m\",\"width_medium\":\"1-4\"}},{\"type\":\"column\",\"props\":{\"image_position\":\"center-center\",\"position_sticky_breakpoint\":\"m\",\"width_medium\":\"1-2\"},\"children\":[{\"type\":\"headline\",\"props\":{\"content\":\"\n\n<div class=\\\"uk-panel uk-margin\\\" data-id=\\\"builderwidget-10#5\\\" id=\\\"builderwidget-10#0\\\">\\n\n\n<p><strong><br \\\/><\\\/strong>Change Partners UAB<\\\/p>\\n\n\n<p>Vaidilut\\u0117s g. 79, LT-10100 Vilnius, Lithuania<\\\/p>\\n\n\n<p>\\u012emon\\u0117s kodas: 300052509\\u00a0<\\\/p>\\n\n\n<p>PVM kodas: LT100001342911<\\\/p>\\n\n\n<p><a style=\\\"color: white;\\\" href=\\\"tel:+370 652 91915\\\">+370 652 91915<\\\/a><\\\/p>\\n\n\n<p><a style=\\\"color: white;\\\" href=\\\"mailto:sales@changepartners.lt\\\">sales@changepartners.lt<\\\/a><\\\/p>\\n<\\\/div>\",\"text_align\":\"center\",\"title_color\":\"emphasis\",\"title_element\":\"div\"}}]},{\"type\":\"column\",\"props\":{\"image_position\":\"center-center\",\"position_sticky_breakpoint\":\"m\",\"width_medium\":\"1-4\"}}]}]}],\"version\":\"4.0.13\"} --><\/p>\n","protected":false},"excerpt":{"rendered":"<p>Contacts Change Partners UAB Vaidilut\u0117s g. 79, LT-10100 Vilnius, Lithuania \u012emon\u0117s kodas: 300052509\u00a0 PVM kodas: LT100001342911 +370 652 91915 sales@changepartners.lt<\/p>\n","protected":false},"author":7,"featured_media":0,"parent":0,"menu_order":0,"comment_status":"closed","ping_status":"closed","template":"","meta":{"footnotes":""},"class_list":["post-21133","page","type-page","status-publish","hentry"],"_links":{"self":[{"href":"https:\/\/changepartners.lt\/en\/wp-json\/wp\/v2\/pages\/21133","targetHints":{"allow":["GET"]}}],"collection":[{"href":"https:\/\/changepartners.lt\/en\/wp-json\/wp\/v2\/pages"}],"about":[{"href":"https:\/\/changepartners.lt\/en\/wp-json\/wp\/v2\/types\/page"}],"author":[{"embeddable":true,"href":"https:\/\/changepartners.lt\/en\/wp-json\/wp\/v2\/users\/7"}],"replies":[{"embeddable":true,"href":"https:\/\/changepartners.lt\/en\/wp-json\/wp\/v2\/comments?post=21133"}],"version-history":[{"count":5,"href":"https:\/\/changepartners.lt\/en\/wp-json\/wp\/v2\/pages\/21133\/revisions"}],"predecessor-version":[{"id":21140,"href":"https:\/\/changepartners.lt\/en\/wp-json\/wp\/v2\/pages\/21133\/revisions\/21140"}],"wp:attachment":[{"href":"https:\/\/changepartners.lt\/en\/wp-json\/wp\/v2\/media?parent=21133"}],"curies":[{"name":"wp","href":"https:\/\/api.w.org\/{rel}","templated":true}]}}